{"id":6998,"date":"2025-07-04T15:19:58","date_gmt":"2025-07-04T12:19:58","guid":{"rendered":"https:\/\/fromnatura.com\/urun\/tea-tree-oil-18-ml\/"},"modified":"2026-01-15T10:56:04","modified_gmt":"2026-01-15T07:56:04","slug":"tea-tree-essantial-oil-18-ml","status":"publish","type":"product","link":"https:\/\/fromnatura.com\/en\/tea-tree-essantial-oil-18-ml\/","title":{"rendered":"Tea Tree Essential Oil 18 ml"},"content":{"rendered":"<div class=\"row col-12 text-center mx-auto border-round\" style=\"background-color: #f8f8f87a;\">\n<div class=\"col-12 col-md-6 my-1 my-md-auto order-2 order-md-1\">\n<div class=\"row m-auto justify-content-center\">\n<div class=\"col-12\">\n        <img decoding=\"async\" src=\"https:\/\/fromnatura.com\/wp-content\/uploads\/2025\/09\/from-natura-logo.png\" alt=\"\" class=\"my-1 text-center\" \/>\n      <\/div>\n<div class=\"col-12 px-1\">\n<h2 class=\"fw-bold fs-1\" style=\"color: #74b494;\">\u00c7ay A\u011fac\u0131 <br \/>Ya\u011f\u0131 <\/h2>\n<p class=\"fs-5 px-3\">Ciltteki fazla ya\u011f\u0131 dengelemeye, akne <br \/>g\u00f6r\u00fcn\u00fcm\u00fcne kar\u015f\u0131 bak\u0131m yapmaya <br \/>yard\u0131mc\u0131 do\u011fal \u00e7ay a\u011fac\u0131 ya\u011f\u0131 <\/p>\n<\/p><\/div>\n<div class=\"col-12\">\n        <img decoding=\"async\" src=\"https:\/\/fromnatura.com\/wp-content\/uploads\/2026\/01\/8684215391256-cay-agaci.png\" alt=\"\" class=\"my-1 text-center\" \/>\n      <\/div>\n<\/p><\/div>\n<\/p><\/div>\n<div class=\"col-12 col-md-6 my-1 my-md-auto order-1 order-md-2\">\n    <img decoding=\"async\" src=\"https:\/\/fromnatura.com\/wp-content\/uploads\/2026\/01\/8684215391256-img-top.png\" alt=\"Temizleme Jeli\" class=\"my-1\" \/>\n  <\/div>\n<\/div>\n<div class=\"row col-12 px-0 mx-auto my-1 py-1\">\n<div class=\"col-12 col-md-6 text-center my-1 my-md-auto\">\n    <img decoding=\"async\" src=\"https:\/\/fromnatura.com\/wp-content\/uploads\/2026\/01\/8684215391256-img-mid.png\" alt=\"\" \/>\n  <\/div>\n<div class=\"col-12 col-md-6 px-0 px-lg-1 mx-auto justify-content-center my-1 my-md-auto\">\n<div class=\"row border-round my-1 px-1 py-2 mx-auto\" style=\"background-color: #cfe6ef;\">\n<div class=\"col-1 col-md-2 mx-auto my-1 text-center px-0\">\n        <img decoding=\"async\" src=\"https:\/\/fromnatura.com\/wp-content\/uploads\/2025\/09\/fn-icon.png\" alt=\"\" style=\"width: 30px;\" class=\"mb-1\" \/>\n      <\/div>\n<p class=\"col-10 fs-5 text-left my-1 pl-1 pl-md-0\">Bitkisel safl\u0131kla cildine yeni bir ba\u015flang\u0131\u00e7! Saf ve do\u011fal form\u00fcl\u00fcyle cilt ve sa\u00e7 bak\u0131m\u0131nda \u00e7ok y\u00f6nl\u00fc bir etki sunar. Ya\u011fl\u0131 ciltlerde sebum dengesini d\u00fczenlemeye yard\u0131mc\u0131 olur ve akne g\u00f6r\u00fcn\u00fcm\u00fcne kar\u015f\u0131 bak\u0131m yapar.<\/p>\n<\/p><\/div>\n<div class=\"row border-round my-1 px-1 py-2 mx-auto\" style=\"background-color: #cfe6ef;\">\n<div class=\"col-1 col-md-2 mx-auto my-1 text-center px-0\">\n        <img decoding=\"async\" src=\"https:\/\/fromnatura.com\/wp-content\/uploads\/2025\/09\/fn-icon.png\" alt=\"\" style=\"width: 30px;\" \/>\n      <\/div>\n<p class=\"col-10 fs-5 text-left my-1 pl-1 pl-md-0\">Cilt bak\u0131m\u0131nda krem veya y\u00fcz temizleme jeline anl\u0131k olarak birka\u00e7 damla eklenerek uygulanabilir. Bu sayede cildi ar\u0131nd\u0131r\u0131r, p\u00fcr\u00fczs\u00fcz ve dengeli bir g\u00f6r\u00fcn\u00fcm kazand\u0131r\u0131r.<\/p>\n<\/p><\/div>\n<div class=\"row border-round my-1 px-1 py-2 mx-auto\" style=\"background-color: #cfe6ef;\">\n<div class=\"col-1 col-md-2 mx-auto my-1 text-center px-0\">\n        <img decoding=\"async\" src=\"https:\/\/fromnatura.com\/wp-content\/uploads\/2025\/09\/fn-icon.png\" alt=\"\" style=\"width: 30px;\" class=\"mb-1\" \/>\n      <\/div>\n<p class=\"col-10 fs-5 text-left my-1 pl-1 pl-md-0\">Kepek sorunu ya\u015fayan ki\u015filer de \u015fampuana birka\u00e7 damla eklenerek kullan\u0131labilir. Sa\u00e7 derisinde ferahlat\u0131c\u0131 ve dengeleyici bir etki yarat\u0131r. Buhar banyosu, masaj ve lokal uygulamalarda da kullan\u0131labilen bu \u00e7ok ama\u00e7l\u0131 do\u011fal ya\u011f, do\u011fan\u0131n ar\u0131nd\u0131r\u0131c\u0131 g\u00fcc\u00fcn\u00fc g\u00fcnl\u00fck bak\u0131m rutininize ta\u015f\u0131r.<\/p>\n<\/p><\/div>\n<\/p><\/div>\n<\/div>\n<div class=\"row col-12 p-1 mx-auto border-round justify-content-center\" style=\"background-color: #bde0ce;\">\n<div class=\"col-12 col-md-4 text-center my-auto\">\n    <img decoding=\"async\" src=\"https:\/\/fromnatura.com\/wp-content\/uploads\/2026\/01\/8684215391256-img-bot-2.png\" alt=\"\" class=\"my-1\" \/>\n  <\/div>\n<div class=\"col-12 col-md-4 text-center my-auto\">\n    <img decoding=\"async\" src=\"https:\/\/fromnatura.com\/wp-content\/uploads\/2026\/01\/8684215391256-img-bot-3.png\" class=\"my-1 \" \/>\n  <\/div>\n<\/div>\n<div class=\"row col-12 mx-auto justify-content-evenly align-items-start my-2\">\n<div class=\"col-12 col-md-6 p-1\">\n<h2 class=\"fs-4\">Do\u011fan\u0131n Ar\u0131nd\u0131r\u0131c\u0131 G\u00fcc\u00fc<\/h2>\n<p class=\"fs-5\">Cildi, sa\u00e7\u0131 ve sa\u00e7 derisini derinlemesine ar\u0131nd\u0131r\u0131r, dengeyi yeniden kazand\u0131r\u0131r. \u00c7ay a\u011fac\u0131n\u0131n do\u011fal \u00f6zleriyle ciltteki fazla ya\u011f\u0131 dengeler, p\u00fcr\u00fczs\u00fcz bir g\u00f6r\u00fcn\u00fcm sunar.<\/p>\n<\/p><\/div>\n<div class=\"col-12 col-md-6 p-1\">\n<h2 class=\"fs-4\">\u00c7ok Y\u00f6nl\u00fc Do\u011fal Bak\u0131m<\/h2>\n<p class=\"fs-5\">Akne g\u00f6r\u00fcn\u00fcm\u00fc ve kepe\u011fe kar\u015f\u0131 etkili bak\u0131m sa\u011flayarak g\u00fcnl\u00fck rutinin her ad\u0131m\u0131nda do\u011fall\u0131\u011f\u0131 hissettirir.<\/p>\n<\/p><\/div>\n<\/div>\n<div class=\"col-12 text-center my-1\">\n<div style=\"overflow-x: auto;\">\n<table class=\"mx-auto w-100 fs-5\">\n<tbody>\n<tr style=\"text-align: center;\">\n<td><\/td>\n<td width=\"20%\">\n            <a href=\"\/cay-agaci-ve-salisilik-asit-yikama-kopugu-200-ml\/\" target=\"_blank\" rel=\"noopener noreferrer\"><br \/>\n              <img decoding=\"async\" src=\"https:\/\/fromnatura.com\/wp-content\/uploads\/2025\/07\/salisilik-yikama-kopuk-200-ml.png\" alt=\"\" class=\"my-1\" \/><br \/>\n            <\/a>\n          <\/td>\n<td width=\"20%\">\n            <a href=\"\/cay-agaci-ve-lavanta-akne-ve-siyah-nokta-karsiti-tonik-100-ml\/\" target=\"_blank\" rel=\"noopener noreferrer\"><br \/>\n              <img decoding=\"async\" src=\"https:\/\/fromnatura.com\/wp-content\/uploads\/2025\/07\/akne-karsiti-tonik-100.png\" alt=\"\" class=\"my-1\" \/><br \/>\n            <\/a>\n          <\/td>\n<td width=\"20%\">\n            <a href=\"\/cay-agaci-ve-lavanta-akne-ve-siyah-nokta-karsiti-bakim-kremi-50-ml\/\" target=\"_blank\" rel=\"noopener noreferrer\"><br \/>\n              <img decoding=\"async\" src=\"https:\/\/fromnatura.com\/wp-content\/uploads\/2025\/07\/akne-karsiti-bakim-kremi.png\" alt=\"\" class=\"my-1\" \/><br \/>\n            <\/a>\n          <\/td>\n<td width=\"20%\">\n            <a href=\"\/rose-beauty-elixir-100-ml\/\" target=\"_blank\" rel=\"noopener noreferrer\"><br \/>\n              <img decoding=\"async\" src=\"https:\/\/fromnatura.com\/wp-content\/uploads\/2025\/07\/rose-beauty-elixir-100.png\" alt=\"\" class=\"my-1\" \/><br \/>\n            <\/a>\n          <\/td>\n<\/tr>\n<tr class=\"text-center\">\n<td><\/td>\n<td class=\"p-1 border-left\">\n            <a href=\"\/cay-agaci-ve-salisilik-asit-yikama-kopugu-200-ml\/\"><br \/>\n              <strong>From Natura \u00c7ay A\u011fac\u0131 ve Salisilik Asit Y\u0131kama K\u00f6p\u00fc\u011f\u00fc 200 ml <\/strong><br \/>\n            <\/a>\n          <\/td>\n<td class=\"p-1 border-left\">\n            <a href=\"\/cay-agaci-ve-lavanta-akne-ve-siyah-nokta-karsiti-tonik-100-ml\/\"><br \/>\n              <strong>From Natura \u00c7ay A\u011fac\u0131 ve Lavanta Akne ve Siyah Nokta Kar\u015f\u0131t\u0131 Tonik 100 ml <\/strong><br \/>\n            <\/a>\n          <\/td>\n<td class=\"p-1 border-left\">\n            <a href=\"\/cay-agaci-ve-lavanta-akne-ve-siyah-nokta-karsiti-bakim-kremi-50-ml\/\"><br \/>\n              <strong>From Natura \u00c7ay A\u011fac\u0131 ve Lavanta Akne ve Siyah Nokta Kar\u015f\u0131t\u0131 Bak\u0131m Kremi 50 ml <\/strong><br \/>\n            <\/a>\n          <\/td>\n<td class=\"p-1 border-left border-right\">\n            <a href=\"\/rose-beauty-elixir-100-ml\/\"><br \/>\n              <strong>From Natura Rose Beauty Elixir G\u00fcl G\u00fczellik \u0130ksiri 100 ml <\/strong><br \/>\n            <\/a>\n          <\/td>\n<\/tr>\n<tr class=\"text-center\">\n<td class=\"p-1 border fw-bold\">Kullan\u0131m<\/td>\n<td class=\"p-1 border\"><em>Cilt<\/em><\/td>\n<td class=\"p-1 border\"><em>Cilt<\/em><\/td>\n<td class=\"p-1 border\"><em>Cilt<\/em><\/td>\n<td class=\"p-1 border\"><em>Cilt<\/em><\/td>\n<\/tr>\n<tr class=\"text-center bg-gray\" title=\"bg-gray\">\n<td class=\"p-1 border fw-bold\"><strong>Faydas\u0131<\/strong><\/td>\n<td class=\"p-1 border\">Ciltteki g\u00f6zeneklerin ya\u011f, kir ve makyaj kal\u0131nt\u0131lar\u0131ndan ar\u0131nd\u0131r\u0131lmas\u0131na yard\u0131mc\u0131 olur<\/td>\n<td class=\"p-1 border\">Akne ve siyah nokta g\u00f6r\u00fcn\u00fcm\u00fcne etkili bak\u0131m yapar<\/td>\n<td class=\"p-1 border\">Akne ve siyah nokta kar\u015f\u0131t\u0131 bak\u0131m yapar<\/td>\n<td class=\"p-1 border\">Cildi nemlendirirken besler ve ferahl\u0131k hissi sa\u011flar<\/td>\n<\/tr>\n<tr class=\"text-center\">\n<td class=\"p-1 border fw-bold\"><strong>\u0130\u00e7erik<\/strong><\/td>\n<td class=\"p-1 border\">Salisilik Asit, \u00c7ay A\u011fac\u0131 Ya\u011f\u0131, Lavanta Suyu, Aloe Vera<\/td>\n<td class=\"p-1 border\">\u00c7ay A\u011fac\u0131 Ya\u011f\u0131, Lavanta Suyu, Salisilik Asit, Niacinamide<\/td>\n<td class=\"p-1 border\">Salisilik Asit, \u00c7ay A\u011fac\u0131 Ya\u011f\u0131, Lavanta Suyu, Aloe Vera<\/td>\n<td class=\"p-1 border\">G\u00fcl Suyu, Niacinamide, Centella Asiatica, Hyaluronik Asit<\/td>\n<\/tr>\n<tr class=\"text-center\">\n<td class=\"p-1 border fw-bold\"><strong>Cilt Tipi<\/strong><\/td>\n<td class=\"p-1 border\">Ya\u011fl\u0131, karma ve akne g\u00f6r\u00fcn\u00fcm\u00fcne sahip ciltler<\/td>\n<td class=\"p-1 border\">Ya\u011fl\u0131, karma ve akne g\u00f6r\u00fcn\u00fcm\u00fcne sahip ciltler<\/td>\n<td class=\"p-1 border\">Ya\u011fl\u0131, karma ve akne g\u00f6r\u00fcn\u00fcm\u00fcne sahip ciltler<\/td>\n<td class=\"p-1 border\">T\u00fcm Cilt Tipleri<\/td>\n<\/tr>\n<tr class=\"text-center\">\n<td class=\"p-1 border fw-bold\"><strong>\u00dcr\u00fcn Tipi<\/strong><\/td>\n<td class=\"p-1 border\">Do\u011fal<\/td>\n<td class=\"p-1 border\">Do\u011fal<\/td>\n<td class=\"p-1 border\">Do\u011fal<\/td>\n<td class=\"p-1 border\">Do\u011fal<\/td>\n<\/tr>\n<\/tbody>\n<\/table><\/div>\n<\/div>\n","protected":false},"excerpt":{"rendered":"<p>Suitable for normal, combination, and oily skin types. Can be used on both skin and hair. Helps moisturize the skin, hair, and scalp. <\/p>\n","protected":false},"featured_media":7885,"template":"","meta":[],"product_brand":[247],"product_cat":[227,242,206,111],"product_tag":[],"class_list":{"0":"post-6998","1":"product","2":"type-product","3":"status-publish","4":"has-post-thumbnail","6":"product_brand-from-natura-en","7":"product_cat-hair-care","8":"product_cat-personal-care","9":"product_cat-precious-oils","10":"product_cat-skincare","11":"pa_cilt-tipi-normal-skin","12":"pa_ek-ozellik-organic","13":"pa_form-oil","14":"pa_hacim-18-ml-en","15":"pa_kullanma-amaci-refreshing","16":"pa_tip-bottle","18":"first","19":"instock","20":"virtual","21":"product-type-simple"},"_links":{"self":[{"href":"https:\/\/fromnatura.com\/en\/wp-json\/wp\/v2\/product\/6998","targetHints":{"allow":["GET"]}}],"collection":[{"href":"https:\/\/fromnatura.com\/en\/wp-json\/wp\/v2\/product"}],"about":[{"href":"https:\/\/fromnatura.com\/en\/wp-json\/wp\/v2\/types\/product"}],"wp:featuredmedia":[{"embeddable":true,"href":"https:\/\/fromnatura.com\/en\/wp-json\/wp\/v2\/media\/7885"}],"wp:attachment":[{"href":"https:\/\/fromnatura.com\/en\/wp-json\/wp\/v2\/media?parent=6998"}],"wp:term":[{"taxonomy":"product_brand","embeddable":true,"href":"https:\/\/fromnatura.com\/en\/wp-json\/wp\/v2\/product_brand?post=6998"},{"taxonomy":"product_cat","embeddable":true,"href":"https:\/\/fromnatura.com\/en\/wp-json\/wp\/v2\/product_cat?post=6998"},{"taxonomy":"product_tag","embeddable":true,"href":"https:\/\/fromnatura.com\/en\/wp-json\/wp\/v2\/product_tag?post=6998"}],"curies":[{"name":"wp","href":"https:\/\/api.w.org\/{rel}","templated":true}]}}