{"id":6993,"date":"2025-07-04T15:19:59","date_gmt":"2025-07-04T12:19:59","guid":{"rendered":"https:\/\/fromnatura.com\/urun\/witch-hazel-aloe-toner-100-ml\/"},"modified":"2026-01-15T10:47:46","modified_gmt":"2026-01-15T07:47:46","slug":"witch-hazel-aloe-tonic-100-ml","status":"publish","type":"product","link":"https:\/\/fromnatura.com\/en\/witch-hazel-aloe-tonic-100-ml\/","title":{"rendered":"Witch Hazel &#038; Aloe Tonic 100 ml"},"content":{"rendered":"<div class=\"row col-12 text-center mx-auto border-round\" style=\"background-color: #f8f8f87a;\">\n<div class=\"col-12 col-md-6 my-1 my-md-auto order-2 order-md-1\">\n<div class=\"row m-auto justify-content-center\">\n<div class=\"col-12\">\n        <img decoding=\"async\" src=\"https:\/\/fromnatura.com\/wp-content\/uploads\/2025\/09\/from-natura-logo.png\" alt=\"\" class=\"my-1 text-center\" \/>\n      <\/div>\n<div class=\"col-12 px-1\">\n<h2 class=\"fw-bold fs-1\" style=\"color: #2dbfbe;\">Cad\u0131 F\u0131nd\u0131\u011f\u0131 <br \/>Aloe Vera Tonik <\/h2>\n<p class=\"fs-5 px-3\">G\u00f6zenek s\u0131k\u0131la\u015ft\u0131rmaya ve siyah nokta <br \/>kar\u015f\u0131t\u0131 bak\u0131m yapmaya yard\u0131mc\u0131 tonik <\/p>\n<\/p><\/div>\n<div class=\"col-12\">\n        <img decoding=\"async\" src=\"https:\/\/fromnatura.com\/wp-content\/uploads\/2025\/09\/8684215390709-cadi-findigi.png\" alt=\"\" class=\"my-1 text-center\" \/>\n      <\/div>\n<\/p><\/div>\n<\/p><\/div>\n<div class=\"col-12 col-md-6 my-1 my-md-auto order-1 order-md-2\">\n    <img decoding=\"async\" src=\"https:\/\/fromnatura.com\/wp-content\/uploads\/2026\/01\/8684215391348-img-top.png\" alt=\"Temizleme Jeli\" class=\"my-1\" \/>\n  <\/div>\n<\/div>\n<div class=\"row col-12 px-0 mx-auto my-1 py-1\">\n<div class=\"col-12 col-md-6 text-center my-1 my-md-auto\">\n    <img decoding=\"async\" src=\"https:\/\/fromnatura.com\/wp-content\/uploads\/2026\/01\/8684215391348-img-mid.png\" alt=\"\" \/>\n  <\/div>\n<div class=\"col-12 col-md-6 px-0 px-lg-1 mx-auto justify-content-center my-1 my-md-auto\">\n<div class=\"row border-round my-1 px-1 py-2 mx-auto\" style=\"background-color: #cfe6ef;\">\n<div class=\"col-1 col-md-2 mx-auto my-1 text-center px-0\">\n        <img decoding=\"async\" src=\"https:\/\/fromnatura.com\/wp-content\/uploads\/2025\/09\/fn-icon.png\" alt=\"\" style=\"width: 30px;\" class=\"mb-1\" \/>\n      <\/div>\n<p class=\"col-10 fs-5 text-left my-1 pl-1 pl-md-0\">Cildin dengesini do\u011fayla yeniden kur! G\u00f6zenek g\u00f6r\u00fcn\u00fcm\u00fcn\u00fc azaltmaya ve siyah nokta olu\u015fumuna kar\u015f\u0131 bak\u0131m yapmaya yard\u0131mc\u0131 olur. Mikrobiyom dostu yap\u0131s\u0131 sayesinde cildin do\u011fal dengesini destekler, g\u00fcnl\u00fck bak\u0131m rutininin \u00f6nemli bir par\u00e7as\u0131 haline gelir.<\/p>\n<\/p><\/div>\n<div class=\"row border-round my-1 px-1 py-2 mx-auto\" style=\"background-color: #cfe6ef;\">\n<div class=\"col-1 col-md-2 mx-auto my-1 text-center px-0\">\n        <img decoding=\"async\" src=\"https:\/\/fromnatura.com\/wp-content\/uploads\/2025\/09\/fn-icon.png\" alt=\"\" style=\"width: 30px;\" \/>\n      <\/div>\n<p class=\"col-10 fs-5 text-left my-1 pl-1 pl-md-0\">Form\u00fcl\u00fcnde bulunan ayn\u0131sefa \u00e7i\u00e7e\u011fi ekstresi ve hyal\u00fcronik asit, cilde yo\u011fun nem kazand\u0131r\u0131rken meyan k\u00f6k\u00fc ekstresi ise cilt tonu e\u015fitsizliklerini gidermeye destek olur. D\u00fczenli kullan\u0131mda daha ayd\u0131nl\u0131k, dengeli ve p\u00fcr\u00fczs\u00fcz bir cilt g\u00f6r\u00fcn\u00fcm\u00fc sunar.<\/p>\n<\/p><\/div>\n<div class=\"row border-round my-1 px-1 py-2 mx-auto\" style=\"background-color: #cfe6ef;\">\n<div class=\"col-1 col-md-2 mx-auto my-1 text-center px-0\">\n        <img decoding=\"async\" src=\"https:\/\/fromnatura.com\/wp-content\/uploads\/2025\/09\/fn-icon.png\" alt=\"\" style=\"width: 30px;\" class=\"mb-1\" \/>\n      <\/div>\n<p class=\"col-10 fs-5 text-left my-1 pl-1 pl-md-0\">Cad\u0131 f\u0131nd\u0131\u011f\u0131 ekstresiyle g\u00f6zenekleri s\u0131k\u0131la\u015ft\u0131r\u0131r, aloe vera ile cildi ferahlat\u0131r. Bitkisel temizleyiciler sayesinde ya\u011f, kir ve makyaj kal\u0131nt\u0131lar\u0131n\u0131 ar\u0131nd\u0131rarak ciltte p\u00fcr\u00fczs\u00fcz bir his b\u0131rak\u0131r. Cildi kurutmadan nazik\u00e7e temizler. \u00d6zellikle ya\u011fl\u0131 ve karma ciltler i\u00e7in etkili bir bak\u0131m \u00e7\u00f6z\u00fcm\u00fc sunar.<\/p>\n<\/p><\/div>\n<\/p><\/div>\n<\/div>\n<div class=\"row col-12 p-1 mx-auto border-round justify-content-center\" style=\"background-color: #b9fdfc;\">\n<div class=\"col-12 col-md-4 d-none d-md-block text-center my-auto\">\n    <img decoding=\"async\" src=\"https:\/\/fromnatura.com\/wp-content\/uploads\/2026\/01\/8684215391348-img-bot-1.png\" alt=\"\" class=\"my-1 w-50\" \/>\n  <\/div>\n<div class=\"col-12 col-md-4 text-center my-auto\">\n    <img decoding=\"async\" src=\"https:\/\/fromnatura.com\/wp-content\/uploads\/2026\/01\/8684215391348-img-bot-2.png\" alt=\"\" class=\"my-1\" \/>\n  <\/div>\n<div class=\"col-12 col-md-4 text-center my-auto\">\n    <img decoding=\"async\" src=\"https:\/\/fromnatura.com\/wp-content\/uploads\/2026\/01\/8684215391348-img-bot-3.png\" class=\"my-1 \" \/>\n  <\/div>\n<\/div>\n<div class=\"row col-12 mx-auto justify-content-evenly align-items-start my-2\">\n<div class=\"col-12 col-md-6 p-1\">\n<h2 class=\"fs-4\">Kepek Kar\u015f\u0131t\u0131 Bak\u0131m<\/h2>\n<p class=\"fs-5\">Kepe\u011fe e\u011filimli sa\u00e7lar i\u00e7in geli\u015ftirilen form\u00fcl\u00fc sa\u00e7 derisini nazik\u00e7e ar\u0131nd\u0131rmaya ve kepek g\u00f6r\u00fcn\u00fcm\u00fcn\u00fc azaltmaya yard\u0131mc\u0131 olur.<\/p>\n<\/p><\/div>\n<div class=\"col-12 col-md-6 p-1\">\n<h2 class=\"fs-4\">\u00c7ay A\u011fac\u0131 ve Nane ile Ferahlayan Sa\u00e7 Dipleri<\/h2>\n<p class=\"fs-5\">\u0130\u00e7eri\u011findeki \u00e7ay a\u011fac\u0131 ve nane, sa\u00e7 diplerinde ferahlat\u0131c\u0131 bir etki sunarak ar\u0131nm\u0131\u015f ve taze bir his olu\u015fmas\u0131na katk\u0131 sa\u011flar. Sa\u00e7 derisinin konforunu art\u0131rmaya yard\u0131mc\u0131 olur.<\/p>\n<\/p><\/div>\n<\/div>\n<div class=\"col-12 text-center my-1\">\n<div style=\"overflow-x: auto;\">\n<table class=\"mx-auto w-100 fs-5\">\n<tbody>\n<tr style=\"text-align: center;\">\n<td><\/td>\n<td width=\"20%\">\n            <a href=\"\/cadi-findigi-aloe-temizleme-jeli-200-ml\/\" target=\"_blank\" rel=\"noopener noreferrer\"><br \/>\n              <img decoding=\"async\" src=\"https:\/\/fromnatura.com\/wp-content\/uploads\/2025\/07\/cadi-findigi-aloe-vera-temizleme-jel-200-ml.png\" alt=\"\" class=\"my-1\" \/><br \/>\n            <\/a>\n          <\/td>\n<td width=\"20%\">\n            <a href=\"\/cadi-findigi-aloe-nemlendirici-krem-50-ml\/\" target=\"_blank\" rel=\"noopener noreferrer\"><br \/>\n              <img decoding=\"async\" src=\"https:\/\/fromnatura.com\/wp-content\/uploads\/2025\/07\/cadi-findigi-nemlendirici-krem.png\" alt=\"\" class=\"my-1\" \/><br \/>\n            <\/a>\n          <\/td>\n<td width=\"20%\">\n            <a href=\"\/cadi-findigi-aloe-tonik-200-ml\/\" target=\"_blank\" rel=\"noopener noreferrer\"><br \/>\n              <img decoding=\"async\" src=\"https:\/\/fromnatura.com\/wp-content\/uploads\/2025\/07\/cadi-findigi-aloe-vera-tonik-200-ml.png\" alt=\"\" class=\"my-1\" \/><br \/>\n            <\/a>\n          <\/td>\n<td width=\"20%\">\n            <a href=\"\/rose-beauty-elixir-100-ml\/\" target=\"_blank\" rel=\"noopener noreferrer\"><br \/>\n              <img decoding=\"async\" src=\"https:\/\/fromnatura.com\/wp-content\/uploads\/2025\/07\/rose-beauty-elixir-100.png\" alt=\"\" class=\"my-1\" \/><br \/>\n            <\/a>\n          <\/td>\n<\/tr>\n<tr class=\"text-center\">\n<td><\/td>\n<td class=\"p-1 border-left\">\n            <a href=\"\/cadi-findigi-aloe-temizleme-jeli-200-ml\/\"><br \/>\n              <strong>From Natura Cad\u0131 F\u0131nd\u0131\u011f\u0131 Aloe Vera Temizleme Jeli 200 ml<\/strong><br \/>\n            <\/a>\n          <\/td>\n<td class=\"p-1 border-left\">\n            <a href=\"\/cadi-findigi-aloe-nemlendirici-krem-50-ml\/\"><br \/>\n              <strong>From Natura Cad\u0131 F\u0131nd\u0131\u011f\u0131 Aloe Vera Nemlendirici Krem 50 ml <\/strong><br \/>\n            <\/a>\n          <\/td>\n<td class=\"p-1 border-left\">\n            <a href=\"\/cadi-findigi-aloe-tonik-200-ml\/\"><br \/>\n              <strong>From Natura Cad\u0131 F\u0131nd\u0131\u011f\u0131 Aloe Vera Tonik 200 ml<\/strong><br \/>\n            <\/a>\n          <\/td>\n<td class=\"p-1 border-left border-right\">\n            <a href=\"\/rose-beauty-elixir-100-ml\/\"><br \/>\n              <strong>From Natura Rose Beauty Elixir G\u00fcl G\u00fczellik \u0130ksiri 100 ml <\/strong><br \/>\n            <\/a>\n          <\/td>\n<\/tr>\n<tr class=\"text-center\">\n<td class=\"p-1 border fw-bold\">Kullan\u0131m<\/td>\n<td class=\"p-1 border\">\n            <em>Cilt<\/em>\n          <\/td>\n<td class=\"p-1 border\">\n            <em>Cilt<\/em>\n          <\/td>\n<td class=\"p-1 border\">\n            <em>Cilt<\/em>\n          <\/td>\n<td class=\"p-1 border\">\n            <em>Cilt<\/em>\n          <\/td>\n<\/tr>\n<tr class=\"text-center bg-gray\" title=\"bg-gray\">\n<td class=\"p-1 border fw-bold\">\n            <strong>Faydas\u0131<\/strong>\n          <\/td>\n<td class=\"p-1 border\">Cildin nemlendirilmesine ve ayd\u0131nlat\u0131lmas\u0131na yard\u0131mc\u0131 olur<\/td>\n<td class=\"p-1 border\">Cilt tonunu e\u015fitlerken kurutmadan nemlendirme sa\u011flar<\/td>\n<td class=\"p-1 border\">G\u00f6zenekleri k\u00fc\u00e7\u00fcltmeye ve cilt tonu e\u015fitsizliklerini dengelemeye yard\u0131mc\u0131d\u0131r<\/td>\n<td class=\"p-1 border\">Cildi nemlendirirken besler ve ferahl\u0131k hissi sa\u011flar<\/td>\n<\/tr>\n<tr class=\"text-center\">\n<td class=\"p-1 border fw-bold\">\n            <strong>\u0130\u00e7erik<\/strong>\n          <\/td>\n<td class=\"p-1 border\">Cad\u0131 F\u0131nd\u0131\u011f\u0131, Aloe Vera, Ayn\u0131sefa \u00c7i\u00e7e\u011fi Ekstresi, Hyaluronik Asit, Meyan K\u00f6k\u00fc Ekstresi<\/td>\n<td class=\"p-1 border\">Cad\u0131 F\u0131nd\u0131\u011f\u0131, Aloe Vera, Prebiyotik<\/td>\n<td class=\"p-1 border\">Cad\u0131 F\u0131nd\u0131\u011f\u0131, Aloe Vera<\/td>\n<td class=\"p-1 border\">G\u00fcl Suyu, Niacinamide, Centella Asiatica, Hyaluronik Asit<\/td>\n<\/tr>\n<tr class=\"text-center\">\n<td class=\"p-1 border fw-bold\">\n            <strong>Cilt Tipi<\/strong>\n          <\/td>\n<td class=\"p-1 border\">T\u00fcm cilt tiplerinin kullan\u0131m\u0131na uygundur<\/td>\n<td class=\"p-1 border\">Karma ve ya\u011fl\u0131 cilt tipleri<\/td>\n<td class=\"p-1 border\">T\u00fcm cilt tiplerinin kullan\u0131m\u0131na uygundur<\/td>\n<td class=\"p-1 border\">T\u00fcm Cilt Tipleri<\/td>\n<\/tr>\n<tr class=\"text-center\">\n<td class=\"p-1 border fw-bold\">\n            <strong>\u00dcr\u00fcn Tipi<\/strong>\n          <\/td>\n<td class=\"p-1 border\">Do\u011fal<\/td>\n<td class=\"p-1 border\">Do\u011fal<\/td>\n<td class=\"p-1 border\">Do\u011fal<\/td>\n<td class=\"p-1 border\">Do\u011fal<\/td>\n<\/tr>\n<\/tbody>\n<\/table><\/div>\n<\/div>\n","protected":false},"excerpt":{"rendered":"<p>A prebiotic brightening and pore-tightening toner that deeply cleanses, hydrates, and illuminates your skin. Nourishes the skin and strengthens the skin barrier.<\/p>\n","protected":false},"featured_media":6892,"template":"","meta":[],"product_brand":[247],"product_cat":[233,111],"product_tag":[],"class_list":{"0":"post-6993","1":"product","2":"type-product","3":"status-publish","4":"has-post-thumbnail","6":"product_brand-from-natura-en","7":"product_cat-witch-hazel-aloe-vera-collection","8":"product_cat-skincare","9":"pa_cilt-tipi-normal-skin","10":"pa_ek-ozellik-organic","11":"pa_form-toner","12":"pa_hacim-100-ml-en","13":"pa_kullanma-amaci-brightening","14":"pa_kullanma-amaci-pore-tightening","15":"pa_tip-bottle","17":"first","18":"instock","19":"virtual","20":"product-type-simple"},"_links":{"self":[{"href":"https:\/\/fromnatura.com\/en\/wp-json\/wp\/v2\/product\/6993","targetHints":{"allow":["GET"]}}],"collection":[{"href":"https:\/\/fromnatura.com\/en\/wp-json\/wp\/v2\/product"}],"about":[{"href":"https:\/\/fromnatura.com\/en\/wp-json\/wp\/v2\/types\/product"}],"wp:featuredmedia":[{"embeddable":true,"href":"https:\/\/fromnatura.com\/en\/wp-json\/wp\/v2\/media\/6892"}],"wp:attachment":[{"href":"https:\/\/fromnatura.com\/en\/wp-json\/wp\/v2\/media?parent=6993"}],"wp:term":[{"taxonomy":"product_brand","embeddable":true,"href":"https:\/\/fromnatura.com\/en\/wp-json\/wp\/v2\/product_brand?post=6993"},{"taxonomy":"product_cat","embeddable":true,"href":"https:\/\/fromnatura.com\/en\/wp-json\/wp\/v2\/product_cat?post=6993"},{"taxonomy":"product_tag","embeddable":true,"href":"https:\/\/fromnatura.com\/en\/wp-json\/wp\/v2\/product_tag?post=6993"}],"curies":[{"name":"wp","href":"https:\/\/api.w.org\/{rel}","templated":true}]}}