{"id":6975,"date":"2025-02-24T06:36:11","date_gmt":"2025-02-24T03:36:11","guid":{"rendered":"https:\/\/fromnatura.com\/about-us\/"},"modified":"2025-07-14T14:49:14","modified_gmt":"2025-07-14T11:49:14","slug":"about-us","status":"publish","type":"page","link":"https:\/\/fromnatura.com\/en\/about-us\/","title":{"rendered":"About Us"},"content":{"rendered":"\t\t<div data-elementor-type=\"wp-page\" data-elementor-id=\"6975\" class=\"elementor elementor-6975 elementor-35\">\n\t\t\t\t<div class=\"elementor-element elementor-element-4423508 e-flex e-con-boxed e-con e-parent\" data-id=\"4423508\" data-element_type=\"container\">\r\n\t\t\t\t\t<div class=\"e-con-inner\">\r\n\t\t<div class=\"porto_stretch_css stretch_row_css elementor-element elementor-element-00267a8 e-con-full e-flex e-con e-child\" data-id=\"00267a8\" data-element_type=\"container\" data-settings=\"{&quot;background_background&quot;:&quot;classic&quot;}\">\r\n\t\t\t\t<div class=\"elementor-element elementor-element-794e22f elementor-absolute elementor-widget-tablet__width-initial elementor-hidden-mobile elementor-invisible elementor-widget elementor-widget-image\" data-id=\"794e22f\" data-element_type=\"widget\" data-settings=\"{&quot;_position&quot;:&quot;absolute&quot;,&quot;_animation&quot;:&quot;fadeIn&quot;,&quot;_animation_delay&quot;:500}\" data-widget_type=\"image.default\">\n\t\t\t\t\t\t\t\t\t\t\t\t\t\t\t<img fetchpriority=\"high\" decoding=\"async\" width=\"392\" height=\"177\" src=\"https:\/\/fromnatura.com\/wp-content\/uploads\/2025\/02\/shop53-line.png\" class=\"attachment-full size-full wp-image-6798\" alt=\"\" \/>\t\t\t\t\t\t\t\t\t\t\t\t\t\t\t<\/div>\n\t\t<div class=\"elementor-element elementor-element-112a04d e-con-full e-transform e-transform custom-pos-1 e-flex elementor-invisible e-con e-child\" data-id=\"112a04d\" data-element_type=\"container\" data-settings=\"{&quot;background_background&quot;:&quot;classic&quot;,&quot;position&quot;:&quot;absolute&quot;,&quot;_transform_translateX_effect&quot;:{&quot;unit&quot;:&quot;%&quot;,&quot;size&quot;:-50,&quot;sizes&quot;:[]},&quot;_transform_translateX_effect_tablet&quot;:{&quot;unit&quot;:&quot;%&quot;,&quot;size&quot;:&quot;&quot;,&quot;sizes&quot;:[]},&quot;_transform_translateX_effect_mobile&quot;:{&quot;unit&quot;:&quot;%&quot;,&quot;size&quot;:&quot;&quot;,&quot;sizes&quot;:[]},&quot;_transform_scale_effect_mobile&quot;:{&quot;unit&quot;:&quot;px&quot;,&quot;size&quot;:0.6,&quot;sizes&quot;:[]},&quot;animation&quot;:&quot;fadeIn&quot;,&quot;animation_delay&quot;:800,&quot;_transform_scale_effect_tablet&quot;:{&quot;unit&quot;:&quot;px&quot;,&quot;size&quot;:0.8,&quot;sizes&quot;:[]},&quot;_transform_translateY_effect&quot;:{&quot;unit&quot;:&quot;px&quot;,&quot;size&quot;:&quot;&quot;,&quot;sizes&quot;:[]},&quot;_transform_translateY_effect_tablet&quot;:{&quot;unit&quot;:&quot;px&quot;,&quot;size&quot;:&quot;&quot;,&quot;sizes&quot;:[]},&quot;_transform_translateY_effect_mobile&quot;:{&quot;unit&quot;:&quot;px&quot;,&quot;size&quot;:&quot;&quot;,&quot;sizes&quot;:[]},&quot;_transform_scale_effect&quot;:{&quot;unit&quot;:&quot;px&quot;,&quot;size&quot;:&quot;&quot;,&quot;sizes&quot;:[]}}\">\r\n\t\t\t\t<div class=\"elementor-element elementor-element-b9fe3ba elementor-widget__width-initial elementor-widget elementor-widget-html\" data-id=\"b9fe3ba\" data-element_type=\"widget\" data-widget_type=\"html.default\">\n\t\t\t\t\t<div class=\"rotate-effect\"><svg xmlns=\"http:\/\/www.w3.org\/2000\/svg\" xmlns:xlink=\"http:\/\/www.w3.org\/1999\/xlink\" viewbox=\"0 0 300 300\" style=\"position: relative; top: 1px; left: 5px;\">\n    <path id=\"curvedText1\" fill=\"none\" stroke=\"none\" d=\"M 32.550491,148.48008 A -108.15144,-108.15144 0 0 1 140.70194,40.328644 -108.15144,-108.15144 0 0 1 248.85338,148.48008 -108.15144,-108.15144 0 0 1 140.70194,256.63153 -108.15144,-108.15144 0 0 1 32.550491,148.48008 Z\"><\/path>  \n    <text font-size=\"28\" fill=\"#262626\" letter-spacing=\"3.2\" font-family=\"Marcellus, Poppins\" font-weight=\"700\">\n    <textpath xlink:href=\"#curvedText1\">NATURAL - CLEAN INGREDIENTS - PURE AND EFFECTIVE - <\/textpath><\/text>\n<\/svg><\/div>\t\t\t\t<\/div>\n\t\t\t\t<div class=\"elementor-element elementor-element-af8ca80 elementor-widget__width-initial elementor-absolute e-transform elementor-widget elementor-widget-image\" data-id=\"af8ca80\" data-element_type=\"widget\" data-settings=\"{&quot;_position&quot;:&quot;absolute&quot;,&quot;_transform_translateX_effect&quot;:{&quot;unit&quot;:&quot;%&quot;,&quot;size&quot;:-50,&quot;sizes&quot;:[]},&quot;_transform_translateX_effect_tablet&quot;:{&quot;unit&quot;:&quot;%&quot;,&quot;size&quot;:&quot;&quot;,&quot;sizes&quot;:[]},&quot;_transform_translateX_effect_mobile&quot;:{&quot;unit&quot;:&quot;%&quot;,&quot;size&quot;:&quot;&quot;,&quot;sizes&quot;:[]},&quot;_transform_translateY_effect&quot;:{&quot;unit&quot;:&quot;%&quot;,&quot;size&quot;:-50,&quot;sizes&quot;:[]},&quot;_transform_translateY_effect_tablet&quot;:{&quot;unit&quot;:&quot;%&quot;,&quot;size&quot;:&quot;&quot;,&quot;sizes&quot;:[]},&quot;_transform_translateY_effect_mobile&quot;:{&quot;unit&quot;:&quot;%&quot;,&quot;size&quot;:&quot;&quot;,&quot;sizes&quot;:[]}}\" data-widget_type=\"image.default\">\n\t\t\t\t\t\t\t\t\t\t\t\t\t\t\t<img decoding=\"async\" width=\"50\" height=\"50\" src=\"https:\/\/fromnatura.com\/wp-content\/uploads\/2025\/02\/shop53-handmade.png\" class=\"attachment-full size-full wp-image-6799\" alt=\"\" \/>\t\t\t\t\t\t\t\t\t\t\t\t\t\t\t<\/div>\n\t\t\t\t<\/div>\n\t\t\t\t<div class=\"elementor-element elementor-element-692488f elementor-invisible elementor-widget elementor-widget-heading\" data-id=\"692488f\" data-element_type=\"widget\" data-settings=\"{&quot;_animation&quot;:&quot;fadeInUp&quot;,&quot;_animation_delay&quot;:200}\" data-widget_type=\"heading.default\">\n\t\t\t\t\t<h2 class=\"elementor-heading-title elementor-size-default\">About Us<\/h2>\t\t\t\t<\/div>\n\t\t\t\t<\/div>\n\t\t\t\t\t<\/div>\n\t\t\t\t<\/div>\n\t\t<div class=\"elementor-element elementor-element-a9e07ec e-flex e-con-boxed e-con e-parent\" data-id=\"a9e07ec\" data-element_type=\"container\">\r\n\t\t\t\t\t<div class=\"e-con-inner\">\r\n\t\t\t\t<div class=\"elementor-element elementor-element-d91d6e2 elementor-widget__width-initial w-img elementor-widget elementor-widget-porto_ultimate_heading\" data-id=\"d91d6e2\" data-element_type=\"widget\" data-widget_type=\"porto_ultimate_heading.default\">\n\t\t\t\t\t<div class=\"porto-u-heading  porto-u-55ca8359258f9a412be7e73af65d2aac\"><div class=\"porto-u-main-heading\" data-appear-animation=\"highlightShape\"><h2  ><span class=\"heading-highlight-before\"><\/span><span class=\"heading-highlight-svg\"><mark>From Natura<\/mark><span class=\"svg-highlight scribble\"><svg class=\"highlight-scribble\" viewBox=\"0 0 760 60\" preserveAspectRatio=\"none\"><path d=\"M19,49C75.19,30.63,152,21,317.26,17.27c55.43-.41,198.33-2.08,407.85,12.53\"><\/path><\/svg><\/span><\/span><span class=\"heading-highlight-after\"> with it, let your skin reunite with nature<\/span><\/h2><\/div><style>.porto-u-55ca8359258f9a412be7e73af65d2aac.porto-u-heading{text-align:center}<\/style><\/div>\t\t\t\t<\/div>\n\t\t\t\t<div class=\"elementor-element elementor-element-8793fef elementor-widget elementor-widget-heading\" data-id=\"8793fef\" data-element_type=\"widget\" data-widget_type=\"heading.default\">\n\t\t\t\t\t<p class=\"elementor-heading-title elementor-size-default\">From Natura offers skincare products crafted with the purest and most precious ingredients nature has to offer. At the heart of our formulas are botanical extracts, precious oils, and nature-inspired active ingredients that work in perfect harmony with the skin. Each of our products works in harmony with nature to provide care that is both effective and gentle.\n\nEvery drop of oil, every plant extract, and every natural active carries the wisdom of thousands of years and the philosophy of balanced living. We deliver this wisdom to your skin by combining it with scientific data.<\/p>\t\t\t\t<\/div>\n\t\t\t\t\t<\/div>\n\t\t\t\t<\/div>\n\t\t<div class=\"elementor-element elementor-element-b9178f1 e-flex e-con-boxed e-con e-parent\" data-id=\"b9178f1\" data-element_type=\"container\">\r\n\t\t\t\t\t<div class=\"e-con-inner\">\r\n\t\t<div class=\"elementor-element elementor-element-6aa2067 e-con-full e-flex e-con e-child\" data-id=\"6aa2067\" data-element_type=\"container\">\r\n\t\t\t\t<div class=\"elementor-element elementor-element-6fefa8c elementor-invisible elementor-widget elementor-widget-heading\" data-id=\"6fefa8c\" data-element_type=\"widget\" data-settings=\"{&quot;_animation&quot;:&quot;textEntrance&quot;,&quot;_animation_delay&quot;:400}\" data-widget_type=\"heading.default\">\n\t\t\t\t\t<h2 class=\"elementor-heading-title elementor-size-default\">\ud83d\udca7 Effective Care, Clean Ingredients<\/h2>\t\t\t\t<\/div>\n\t\t\t\t<div class=\"elementor-element elementor-element-b1bed50 elementor-invisible elementor-widget elementor-widget-heading\" data-id=\"b1bed50\" data-element_type=\"widget\" data-settings=\"{&quot;_animation&quot;:&quot;fadeInUp&quot;,&quot;_animation_delay&quot;:500}\" data-widget_type=\"heading.default\">\n\t\t\t\t\t<p class=\"elementor-heading-title elementor-size-default\">We believe that beauty comes from nature, but we also make sure to support this belief with science. Each of our formulas is crafted with dermatologically tested and proven natural ingredients. We create truly effective and reliable solutions for your skin.<br><br>\n\n\n\n\nWe understand that each skin type has different needs, which is why we design specialized product lines for every skin type. Oily, dry, sensitive, or combination... At From Natura, nature\u2019s gentle touch reaches every skin.<\/p>\t\t\t\t<\/div>\n\t\t\t\t<\/div>\n\t\t<div class=\"elementor-element elementor-element-0054afa e-con-full e-flex e-con e-child\" data-id=\"0054afa\" data-element_type=\"container\">\r\n\t\t\t\t<div class=\"elementor-element elementor-element-a95c8ee elementor-invisible elementor-widget elementor-widget-image\" data-id=\"a95c8ee\" data-element_type=\"widget\" data-settings=\"{&quot;_animation&quot;:&quot;zoomIn&quot;,&quot;_animation_delay&quot;:200}\" data-widget_type=\"image.default\">\n\t\t\t\t\t\t\t\t\t\t\t\t\t\t\t<img decoding=\"async\" width=\"350\" height=\"548\" src=\"https:\/\/fromnatura.com\/wp-content\/uploads\/2025\/07\/from-natura-hakkimizda.jpg\" class=\"attachment-full size-full wp-image-6939\" alt=\"\" \/>\t\t\t\t\t\t\t\t\t\t\t\t\t\t\t<\/div>\n\t\t\t\t<\/div>\n\t\t\t\t\t<\/div>\n\t\t\t\t<\/div>\n\t\t<div class=\"elementor-element elementor-element-f7079ac e-flex e-con-boxed e-con e-parent\" data-id=\"f7079ac\" data-element_type=\"container\">\r\n\t\t\t\t\t<div class=\"e-con-inner\">\r\n\t\t<div class=\"elementor-element elementor-element-dfd1acf e-con-full e-flex e-con e-child\" data-id=\"dfd1acf\" data-element_type=\"container\">\r\n\t\t\t\t<div class=\"elementor-element elementor-element-6f2c493 elementor-invisible elementor-widget elementor-widget-image\" data-id=\"6f2c493\" data-element_type=\"widget\" data-settings=\"{&quot;_animation&quot;:&quot;zoomIn&quot;,&quot;_animation_delay&quot;:200}\" data-widget_type=\"image.default\">\n\t\t\t\t\t\t\t\t\t\t\t\t\t\t\t<img loading=\"lazy\" decoding=\"async\" width=\"485\" height=\"600\" src=\"https:\/\/fromnatura.com\/wp-content\/uploads\/2025\/07\/dogayla-kurulan-bag.jpg\" class=\"attachment-full size-full wp-image-6940\" alt=\"\" srcset=\"https:\/\/fromnatura.com\/wp-content\/uploads\/2025\/07\/dogayla-kurulan-bag.jpg 485w, https:\/\/fromnatura.com\/wp-content\/uploads\/2025\/07\/dogayla-kurulan-bag-400x495.jpg 400w\" sizes=\"(max-width: 485px) 100vw, 485px\" \/>\t\t\t\t\t\t\t\t\t\t\t\t\t\t\t<\/div>\n\t\t\t\t<\/div>\n\t\t<div class=\"elementor-element elementor-element-dc0fd51 e-con-full e-flex e-con e-child\" data-id=\"dc0fd51\" data-element_type=\"container\">\r\n\t\t\t\t<div class=\"elementor-element elementor-element-f57bc04 elementor-invisible elementor-widget elementor-widget-heading\" data-id=\"f57bc04\" data-element_type=\"widget\" data-settings=\"{&quot;_animation&quot;:&quot;textEntrance&quot;,&quot;_animation_delay&quot;:400}\" data-widget_type=\"heading.default\">\n\t\t\t\t\t<h2 class=\"elementor-heading-title elementor-size-default\">\ud83c\udf43 True care lies in the connection with nature.<\/h2>\t\t\t\t<\/div>\n\t\t\t\t<div class=\"elementor-element elementor-element-57b32f5 elementor-invisible elementor-widget elementor-widget-heading\" data-id=\"57b32f5\" data-element_type=\"widget\" data-settings=\"{&quot;_animation&quot;:&quot;fadeInUp&quot;,&quot;_animation_delay&quot;:500}\" data-widget_type=\"heading.default\">\n\t\t\t\t\t<p class=\"elementor-heading-title elementor-size-default\">Each of our formulas is crafted with the purest ingredients nature has to offer.\n<br>Bitkisel \u00f6zler, so\u011fuk s\u0131k\u0131m de\u011ferli ya\u011flar, organik aktifler ve cilde dost do\u011fal bile\u015fenler\u2026 Hepsi, cildinizin ihtiya\u00e7lar\u0131na do\u011fan\u0131n en yal\u0131n haliyle cevap vermek i\u00e7in bir araya getirilir.<br><br>\nCombination, oily, dry, or sensitive\u2026 Every skin type is unique. That's why at From Natura, you'll find specially developed collections tailored to each skin type. Each product is formulated with gentle yet effective ingredients that do not harm the skin. We are here to let you feel nature\u2019s gentle touch with every use.\n<\/p>\t\t\t\t<\/div>\n\t\t\t\t<\/div>\n\t\t\t\t\t<\/div>\n\t\t\t\t<\/div>\n\t\t<div class=\"elementor-element elementor-element-c9bbd8e e-con-full e-flex e-con e-parent\" data-id=\"c9bbd8e\" data-element_type=\"container\">\r\n\t\t\t\t<div class=\"elementor-element elementor-element-f6fd728 elementor-widget elementor-widget-porto_image_gallery\" data-id=\"f6fd728\" data-element_type=\"widget\" data-settings=\"{&quot;view&quot;:&quot;grid&quot;,&quot;spacing&quot;:{&quot;unit&quot;:&quot;px&quot;,&quot;size&quot;:&quot;&quot;,&quot;sizes&quot;:[]}}\" data-widget_type=\"porto_image_gallery.default\">\n\t\t\t\t\t<div class=\"porto-gallery has-ccols ccols-1 ccols-md-3 porto-gallery-grid align-items-start\"><figure><img loading=\"lazy\" decoding=\"async\" width=\"720\" height=\"480\" src=\"https:\/\/fromnatura.com\/wp-content\/uploads\/2025\/07\/surdurebilirlik-1-1.jpg\" class=\"attachment-full size-full\" alt=\"\" srcset=\"https:\/\/fromnatura.com\/wp-content\/uploads\/2025\/07\/surdurebilirlik-1-1.jpg 720w, https:\/\/fromnatura.com\/wp-content\/uploads\/2025\/07\/surdurebilirlik-1-1-640x427.jpg 640w, https:\/\/fromnatura.com\/wp-content\/uploads\/2025\/07\/surdurebilirlik-1-1-400x267.jpg 400w, https:\/\/fromnatura.com\/wp-content\/uploads\/2025\/07\/surdurebilirlik-1-1-600x400.jpg 600w\" sizes=\"(max-width: 720px) 100vw, 720px\" \/><\/figure><figure><img loading=\"lazy\" decoding=\"async\" width=\"719\" height=\"480\" src=\"https:\/\/fromnatura.com\/wp-content\/uploads\/2025\/07\/surdurebilirlik-2-1.jpg\" class=\"attachment-full size-full\" alt=\"\" srcset=\"https:\/\/fromnatura.com\/wp-content\/uploads\/2025\/07\/surdurebilirlik-2-1.jpg 719w, https:\/\/fromnatura.com\/wp-content\/uploads\/2025\/07\/surdurebilirlik-2-1-640x427.jpg 640w, https:\/\/fromnatura.com\/wp-content\/uploads\/2025\/07\/surdurebilirlik-2-1-400x267.jpg 400w, https:\/\/fromnatura.com\/wp-content\/uploads\/2025\/07\/surdurebilirlik-2-1-600x401.jpg 600w\" sizes=\"(max-width: 719px) 100vw, 719px\" \/><\/figure><figure><img loading=\"lazy\" decoding=\"async\" width=\"720\" height=\"480\" src=\"https:\/\/fromnatura.com\/wp-content\/uploads\/2025\/07\/surdurebilirlik-4-1.jpg\" class=\"attachment-full size-full\" alt=\"\" srcset=\"https:\/\/fromnatura.com\/wp-content\/uploads\/2025\/07\/surdurebilirlik-4-1.jpg 720w, https:\/\/fromnatura.com\/wp-content\/uploads\/2025\/07\/surdurebilirlik-4-1-640x427.jpg 640w, https:\/\/fromnatura.com\/wp-content\/uploads\/2025\/07\/surdurebilirlik-4-1-400x267.jpg 400w, https:\/\/fromnatura.com\/wp-content\/uploads\/2025\/07\/surdurebilirlik-4-1-600x400.jpg 600w\" sizes=\"(max-width: 720px) 100vw, 720px\" \/><\/figure><\/div>\t\t\t\t<\/div>\n\t\t\t\t<\/div>\n\t\t<div class=\"elementor-element elementor-element-308044f e-flex e-con-boxed e-con e-parent\" data-id=\"308044f\" data-element_type=\"container\">\r\n\t\t\t\t\t<div class=\"e-con-inner\">\r\n\t\t\t\t<div class=\"elementor-element elementor-element-697d5d5 elementor-widget elementor-widget-heading\" data-id=\"697d5d5\" data-element_type=\"widget\" data-widget_type=\"heading.default\">\n\t\t\t\t\t<h2 class=\"elementor-heading-title elementor-size-default\">\ud83c\udf31We Owe Beauty to Future Generations<\/h2>\t\t\t\t<\/div>\n\t\t\t\t<div class=\"elementor-element elementor-element-7c20614 elementor-widget elementor-widget-heading\" data-id=\"7c20614\" data-element_type=\"widget\" data-widget_type=\"heading.default\">\n\t\t\t\t\t<p class=\"elementor-heading-title elementor-size-default\">Sadece cildinize de\u011fil, do\u011faya da \u00f6zen g\u00f6steririz. Because to us, sustainability is not a trend, it\u2019s a responsibility toward life. We make it a priority to avoid harming nature in our production processes and to use eco-friendly packaging and recyclable materials.\n\nWith every product, we remind you of our deep connection with nature:<\/br><\/br>\n\ud83c\udf31 Transparent ingredients,<\/br>\n\ud83c\udf31 Cruelty-free formulas,<\/br>\n\ud83c\udf31 And environmentally conscious production principles\u2026<\/p>\t\t\t\t<\/div>\n\t\t\t\t\t<\/div>\n\t\t\t\t<\/div>\n\t\t\t\t<\/div>\n\t\t","protected":false},"excerpt":{"rendered":"<p>NATURAL &#8211; CLEAN INGREDIENTS &#8211; PURE AND EFFECTIVE &#8211; About Us From Natura with it, let your skin reunite with nature From Natura offers skincare products crafted with the purest and most precious ingredients nature has to offer. At the heart of our formulas are botanical extracts, precious oils, and nature-inspired active ingredients that work [&hellip;]<\/p>\n","protected":false},"author":1,"featured_media":0,"parent":0,"menu_order":0,"comment_status":"closed","ping_status":"closed","template":"","meta":{"footnotes":""},"class_list":["post-6975","page","type-page","status-publish","hentry"],"_links":{"self":[{"href":"https:\/\/fromnatura.com\/en\/wp-json\/wp\/v2\/pages\/6975","targetHints":{"allow":["GET"]}}],"collection":[{"href":"https:\/\/fromnatura.com\/en\/wp-json\/wp\/v2\/pages"}],"about":[{"href":"https:\/\/fromnatura.com\/en\/wp-json\/wp\/v2\/types\/page"}],"author":[{"embeddable":true,"href":"https:\/\/fromnatura.com\/en\/wp-json\/wp\/v2\/users\/1"}],"replies":[{"embeddable":true,"href":"https:\/\/fromnatura.com\/en\/wp-json\/wp\/v2\/comments?post=6975"}],"version-history":[{"count":7,"href":"https:\/\/fromnatura.com\/en\/wp-json\/wp\/v2\/pages\/6975\/revisions"}],"predecessor-version":[{"id":7261,"href":"https:\/\/fromnatura.com\/en\/wp-json\/wp\/v2\/pages\/6975\/revisions\/7261"}],"wp:attachment":[{"href":"https:\/\/fromnatura.com\/en\/wp-json\/wp\/v2\/media?parent=6975"}],"curies":[{"name":"wp","href":"https:\/\/api.w.org\/{rel}","templated":true}]}}